{"id":7043,"date":"2020-08-13T15:51:51","date_gmt":"2020-08-13T15:51:51","guid":{"rendered":"https:\/\/www.etfesystem.com\/anasayfa\/"},"modified":"2020-08-14T07:45:14","modified_gmt":"2020-08-14T07:45:14","slug":"anasayfa","status":"publish","type":"page","link":"https:\/\/www.etfesystem.com\/tr\/","title":{"rendered":"Anasayfa"},"content":{"rendered":"\n\t<h3>\n\t\t\t\t\tB\u0130Z\u0130M GELECEK V\u0130ZYONUMUZ VAR.\n\t\t\t\t<\/h3>\n\t\t\t<p>Onart\u2019\u0131n kurulu\u015fundan bu yana bizi motive eden vizyon. Gelece\u011fimiz, \u00f6d\u00fcns\u00fcz emniyet ve se\u00e7kin esteti\u011fin geriliminden kaynaklanan m\u00fckemmeli bulma aray\u0131\u015f\u0131 \u00fczerinedir.\u00a0Bu u\u00e7lar\u0131 ba\u015farma \u00e7abas\u0131 ile limitler zorlan\u0131yor, beklentiler a\u015f\u0131l\u0131yor. Bu g\u00fcne kadar ki tek bir y\u0131k\u0131lmam\u0131\u015f membran yap\u0131 portf\u00f6y\u00fc ilem\u00fcmk\u00fcn olan\u0131n s\u0131n\u0131rlar\u0131n\u0131 zorluyoruz.\u00a0Gelecek, membran yap\u0131larda yeni ve s\u0131n\u0131r tan\u0131mayan ba\u015far\u0131lar\u0131m\u0131z\u0131 bekliyor.<\/p>\t\t\n\t\t\t<a href=\"https:\/\/www.etfesystem.com\/tr\/hakkimizda\" target=\"_self\" role=\"button\" rel=\"noopener noreferrer\">\n\t\t\t\t\t\tHakk\u0131m\u0131zda\n\t\t<\/a>\n\t<h2>\n\t\t\t\t\t\u00dcR\u00dcNLER\n\t\t\t\t<\/h2>\n\t\t\t\t<figure>\n\t\t\t\t\t\t\t<a href=\"https:\/\/www.etfesystem.com\/tr\/galeri\" title=\"Membrane Sistemler\" target=\"_self\" rel=\"noopener noreferrer\"><\/a>\n\t\t\t\t<img src=\"https:\/\/www.etfesystem.com\/wp-content\/uploads\/2020\/08\/IMG_1581-2-scaled.jpg\" alt=\"IMG_1581-2\" itemprop=\"image\"\/>\n\t\t\t<figcaption>\n\t\t\t\t<h3>Membrane Sistemler<\/h3>\n\t\t\t\t\t\t\t\t\t\t\t\t\t<p>Germe yap\u0131lar\u0131n hafifli\u011fi, form ve ta\u015f\u0131y\u0131c\u0131 sistem \u00e7e\u015fitlili\u011fi; \u00f6zel, dinamik ve heyecan verici \u00fc\u00e7\u00fcnc\u00fc boyut sunmaktad\u0131r. Stabiliteyi sa\u011flayan germe kuvvetleriyle (mekanik veya pn\u00f6matik) form olu\u015fturulur. Onart, her t\u00fcrl\u00fc PVC ve PTFE membranlar\u0131n tasar\u0131m ve imalat\u0131n\u0131 ger\u00e7ekle\u015ftirir. PVC daha uygun maliyetli \u00e7\u00f6z\u00fcmler sunarken, PTFE hava \u015fartlar\u0131na daha iyi dayan\u0131m, daha uzun faydal\u0131 \u00f6m\u00fcr ve kirlenmeye kar\u015f\u0131 daha y\u00fcksek diren\u00e7 sunar.<\/p>\n\t\t\t<a href=\"https:\/\/www.etfesystem.com\/tr\/galeri\" target=\"_self\" role=\"button\" rel=\"noopener noreferrer\">\n\t\t\t\t\t\tGaleri\n\t\t<\/a>\n\t\t\t\t<\/figcaption>\n\t\t<\/figure>\n\t\t\t\t<figure>\n\t\t\t\t\t\t\t<a href=\"https:\/\/www.etfesystem.com\/tr\/galeri\" title=\"ETFE Sistemler\" target=\"_self\" rel=\"noopener noreferrer\"><\/a>\n\t\t\t\t<img src=\"https:\/\/www.etfesystem.com\/wp-content\/uploads\/2020\/08\/beyazid.jpg\" alt=\"beyazid\" itemprop=\"image\"\/>\n\t\t\t<figcaption>\n\t\t\t\t<h3>ETFE Sistemler<\/h3>\n\t\t\t\t\t\t\t\t\t\t\t\t\t<p>ETFE sistemler cephe ve \u00e7at\u0131larda; halat a\u011f\u0131 destekli tek katmanl\u0131 ya da \u00e7ok katmanl\u0131 yast\u0131k sistem olarak tasarlanmakta ve \u00fcretilmektedir. Ana ta\u015f\u0131y\u0131c\u0131 sisteme al\u00fcminyum profillerle sabitlenir. ETFE, y\u00fcksek \u0131\u015f\u0131k ge\u00e7irgenli\u011fi, kimyasal diren\u00e7, renk stabilitesi ve mekanik direnciyle yeni jenerasyon bir plastiktir. 20-30 y\u0131ll\u0131k \u00f6mr\u00fc, sertle\u015fmeye direnci onu geleneksel \u00e7at\u0131 ve cephe malzemelerine ve \u00f6zellikle cama e\u015fsiz bir alternatif yapar.<\/p>\n\t\t\t<a href=\"https:\/\/www.etfesystem.com\/tr\/galeri\" target=\"_self\" role=\"button\" rel=\"noopener noreferrer\">\n\t\t\t\t\t\tGaleri\n\t\t<\/a>\n\t\t\t\t<\/figcaption>\n\t\t<\/figure>\n\t\t\t\t<figure>\n\t\t\t\t\t\t\t<a href=\"https:\/\/www.etfesystem.com\/tr\/galeri\" title=\"Tekstil Cepheler\" target=\"_self\" rel=\"noopener noreferrer\"><\/a>\n\t\t\t\t<img src=\"https:\/\/www.etfesystem.com\/wp-content\/uploads\/2020\/08\/1-2-1-1-scaled.jpg\" alt=\"1-2-1\" itemprop=\"image\"\/>\n\t\t\t<figcaption>\n\t\t\t\t<h3>Tekstil Cepheler<\/h3>\n\t\t\t\t\t\t\t\t\t\t\t\t\t<p>Uygulama, g\u00fcne\u015ften ve r\u00fczgardan korunma sa\u011flayarak yap\u0131n\u0131n enerji verimlili\u011fini desteklemektedir. Yap\u0131n\u0131n g\u00f6rsel ifadesini zenginle\u015ftiren mesh veya ge\u00e7irimsiz kuma\u015ftan yap\u0131lan tekstil cephe uygulamalar\u0131 yap\u0131ya ayn\u0131 zamanda mahremiyet sa\u011flamaktad\u0131r. Tekstil cepheler yap\u0131lar\u0131 \u00e7ekici, g\u00fc\u00e7l\u00fc bir mimari etkiye sahip s\u0131rad\u0131\u015f\u0131 binalar haline getirir. E\u015fsiz g\u00f6r\u00fcn\u00fcm\u00fcn\u00fcn yan\u0131s\u0131ra, m\u00fckemmel bir \u0131s\u0131 ve \u0131\u015f\u0131k kontrol\u00fc sa\u011flar.<\/p>\n\t\t\t<a href=\"https:\/\/www.etfesystem.com\/tr\/galeri\" target=\"_self\" role=\"button\" rel=\"noopener noreferrer\">\n\t\t\t\t\t\tGaleri\n\t\t<\/a>\n\t\t\t\t<\/figcaption>\n\t\t<\/figure>\n\t<h3>\n\t\t\t\t\t<a href=\"https:\/\/www.etfesystem.com\/tr\/galeri\" title=\"PROJELER\" target=\"_self\" rel=\"noopener noreferrer\">\n\t\t\t\t\t\tPROJELER\n\t\t\t\t\t\t<\/a>\n\t\t\t<\/h3>\n\t\t\t<p>E\u011frisel y\u00fczeylerin teknolojiyle bulu\u015fmas\u0131.<\/p>\t\t\n\t\t\t<a href=\"https:\/\/www.etfesystem.com\/tr\/galeri\" target=\"_self\" role=\"button\" rel=\"noopener noreferrer\">\n\t\t\t\t\t\tProjelere Git\n\t\t<\/a>\n\t<h2>\n\t\t\t\t\tBlog\n\t\t\t\t<\/h2>\n\t<meta itemscope itemprop=\"mainEntityOfPage\" itemtype=\"https:\/\/schema.org\/WebPage\" itemid=\"https:\/\/www.etfesystem.com\/tr\/germe-yapilar-genel-bakis\/\" content=\"Germe Yap\u0131lar &#8211; Genel Bak\u0131\u015f\" \/><meta itemprop=\"datePublished\" content=\"2020-08-14\" \/><meta itemprop=\"dateModified\" content=\"2020-08-14\" \/><meta itemprop=\"name\" content=\"Onart Structures\"><meta itemprop=\"url\" content=\"https:\/\/www.etfesystem.com\/tr\/author\/sse450\/\" \/><meta itemprop=\"name\" content=\"sse450\" \/><meta itemprop=\"url\" content=\"https:\/\/www.etfesystem.com\/wp-content\/uploads\/2020\/08\/IMG_1516-950x320-1.jpg\" \/><meta itemprop=\"width\" content=\"1000\" \/><meta itemprop=\"height\" content=\"337\" \/><meta itemprop=\"interactionType\" content=\"https:\/\/schema.org\/CommentAction\" \/><meta itemprop=\"userInteractionCount\" content=\"0\" \/>\t\n\t<a href=\"https:\/\/www.etfesystem.com\/tr\/germe-yapilar-genel-bakis\/\" rel=\"bookmark\" title=\"Germe Yap\u0131lar &#8211; Genel Bak\u0131\u015f\">\n\t\t<img width=\"345\" height=\"192\" src=\"https:\/\/www.etfesystem.com\/wp-content\/uploads\/2020\/08\/IMG_1516-950x320-1-345x192.jpg\" alt=\"\" loading=\"lazy\" \/>\t<\/a>\n\t\t<h3 itemprop=\"headline\">\n\t\t\t<a href=\"https:\/\/www.etfesystem.com\/tr\/germe-yapilar-genel-bakis\/\" title=\"Germe Yap\u0131lar &#8211; Genel Bak\u0131\u015f\">Germe Yap\u0131lar &#8211; Genel Bak\u0131\u015f<\/a>\n\t\t<\/h3>\n\t\t\t\t\t\t\t\t\t<a href=\"https:\/\/www.etfesystem.com\/tr\/germe-yapilar-genel-bakis\/\" title=\"Germe Yap\u0131lar &#8211; Genel Bak\u0131\u015f\">Devam\u0131<\/a>\n\t<meta itemscope itemprop=\"mainEntityOfPage\" itemtype=\"https:\/\/schema.org\/WebPage\" itemid=\"https:\/\/www.etfesystem.com\/tr\/membran-malzemeler\/\" content=\"Membran Malzemeler\" \/><meta itemprop=\"datePublished\" content=\"2020-08-14\" \/><meta itemprop=\"dateModified\" content=\"2020-08-14\" \/><meta itemprop=\"name\" content=\"Onart Structures\"><meta itemprop=\"url\" content=\"https:\/\/www.etfesystem.com\/tr\/author\/sse450\/\" \/><meta itemprop=\"name\" content=\"sse450\" \/><meta itemprop=\"url\" content=\"https:\/\/www.etfesystem.com\/wp-content\/uploads\/2020\/08\/P1030252x-scaled.jpg\" \/><meta itemprop=\"width\" content=\"2560\" \/><meta itemprop=\"height\" content=\"878\" \/><meta itemprop=\"interactionType\" content=\"https:\/\/schema.org\/CommentAction\" \/><meta itemprop=\"userInteractionCount\" content=\"0\" \/>\t\n\t<a href=\"https:\/\/www.etfesystem.com\/tr\/membran-malzemeler\/\" rel=\"bookmark\" title=\"Membran Malzemeler\">\n\t\t<img width=\"345\" height=\"192\" src=\"https:\/\/www.etfesystem.com\/wp-content\/uploads\/2020\/08\/P1030252x-345x192.jpg\" alt=\"\" loading=\"lazy\" srcset=\"https:\/\/www.etfesystem.com\/wp-content\/uploads\/2020\/08\/P1030252x-345x192.jpg 345w, https:\/\/www.etfesystem.com\/wp-content\/uploads\/2020\/08\/P1030252x-690x384.jpg 690w\" sizes=\"(max-width: 345px) 100vw, 345px\" \/>\t<\/a>\n\t\t<h3 itemprop=\"headline\">\n\t\t\t<a href=\"https:\/\/www.etfesystem.com\/tr\/membran-malzemeler\/\" title=\"Membran Malzemeler\">Membran Malzemeler<\/a>\n\t\t<\/h3>\n\t\t\t\t\t\t\t\t\t<a href=\"https:\/\/www.etfesystem.com\/tr\/membran-malzemeler\/\" title=\"Membran Malzemeler\">Devam\u0131<\/a>\n","protected":false},"excerpt":{"rendered":"<p>B\u0130Z\u0130M GELECEK V\u0130ZYONUMUZ VAR. Onart\u2019\u0131n kurulu\u015fundan bu yana bizi motive eden vizyon. Gelece\u011fimiz, \u00f6d\u00fcns\u00fcz emniyet ve se\u00e7kin esteti\u011fin geriliminden kaynaklanan m\u00fckemmeli bulma aray\u0131\u015f\u0131 \u00fczerinedir.\u00a0Bu u\u00e7lar\u0131 ba\u015farma \u00e7abas\u0131 ile limitler zorlan\u0131yor, beklentiler a\u015f\u0131l\u0131yor. Bu g\u00fcne kadar ki tek bir y\u0131k\u0131lmam\u0131\u015f membran yap\u0131 portf\u00f6y\u00fc ilem\u00fcmk\u00fcn olan\u0131n s\u0131n\u0131rlar\u0131n\u0131 zorluyoruz.\u00a0Gelecek, membran yap\u0131larda yeni ve [&hellip;]<\/p>\n","protected":false},"author":1,"featured_media":0,"parent":0,"menu_order":0,"comment_status":"closed","ping_status":"closed","template":"page-templates\/homepage-builder-bb.php","meta":[],"_links":{"self":[{"href":"https:\/\/www.etfesystem.com\/tr\/wp-json\/wp\/v2\/pages\/7043"}],"collection":[{"href":"https:\/\/www.etfesystem.com\/tr\/wp-json\/wp\/v2\/pages"}],"about":[{"href":"https:\/\/www.etfesystem.com\/tr\/wp-json\/wp\/v2\/types\/page"}],"author":[{"embeddable":true,"href":"https:\/\/www.etfesystem.com\/tr\/wp-json\/wp\/v2\/users\/1"}],"replies":[{"embeddable":true,"href":"https:\/\/www.etfesystem.com\/tr\/wp-json\/wp\/v2\/comments?post=7043"}],"version-history":[{"count":9,"href":"https:\/\/www.etfesystem.com\/tr\/wp-json\/wp\/v2\/pages\/7043\/revisions"}],"predecessor-version":[{"id":7094,"href":"https:\/\/www.etfesystem.com\/tr\/wp-json\/wp\/v2\/pages\/7043\/revisions\/7094"}],"wp:attachment":[{"href":"https:\/\/www.etfesystem.com\/tr\/wp-json\/wp\/v2\/media?parent=7043"}],"curies":[{"name":"wp","href":"https:\/\/api.w.org\/{rel}","templated":true}]}}