{"id":7038,"date":"2020-08-13T15:40:16","date_gmt":"2020-08-13T15:40:16","guid":{"rendered":"https:\/\/www.etfesystem.com\/hakkinda\/"},"modified":"2020-08-14T07:44:24","modified_gmt":"2020-08-14T07:44:24","slug":"hakkimizda","status":"publish","type":"page","link":"https:\/\/www.etfesystem.com\/tr\/hakkimizda\/","title":{"rendered":"Hakk\u0131m\u0131zda"},"content":{"rendered":"\n\t<h3>\n\t\t\t\t\tB\u0130R BAKI\u015eTA ONART\n\t\t\t\t<\/h3>\n\t<p>There are a lot Bizim yapt\u0131\u011f\u0131m\u0131z i\u015fi yapan bir \u00e7ok firma oldu\u011funu biliyoruz. Hatta baz\u0131lar\u0131 olduk\u00e7a b\u00fcy\u00fck yabanc\u0131 firmalar. Fakat, Bizim bir fark\u0131m\u0131z var: Bizim, son 25 senedir, y\u0131k\u0131lm\u0131\u015f tek bir yap\u0131m\u0131z yok. Bu kendi ba\u015f\u0131na bir rekordur. Bu kendi ba\u015f\u0131na bir rekordur.<\/p>\n<p>Biz, i\u015fimizi basit, yal\u0131n ve h\u0131zl\u0131 yapmaya \u00f6zen g\u00f6steriyoruz. \u015eimdi de bu yakla\u015f\u0131m\u0131m\u0131z\u0131 kullanarak \u015firketimizi size tan\u0131tmaya \u00e7al\u0131\u015faca\u011f\u0131z. Bu g\u00fcne kadarki ba\u015far\u0131m\u0131z\u0131 nas\u0131l ger\u00e7ekle\u015ftirdi\u011fimiz hakk\u0131nda fikir edinmek isterseniz, l\u00fctfen okumaya devam edin.<\/p>\n<ul>\n<li>Onart Membran ve Kabuk Teknolojileri Enstit\u00fcs\u00fc, T\u00fcrkiye\u2019nin (IMS Turkey) Institute of Membrane and Shell Technologies, Anhalt University, Germany i\u015fbirli\u011fiyle kurucusu ve ana sponsorudur. Bu sayede, Onart, Tekstil Mimarisindeki g\u00fcncel bilgi ve geli\u015fmeleri pratikteki son teknoloji \u00fcr\u00fcnleriyle birle\u015ftirebilmektedir. Onart\u2019\u0131n asma germe sistemlerdeki teorik ve pratik bilgisi Anhalt \u00dcniversitesi, IMS e.V. taraf\u0131ndan akkredite edilen IMS T\u00fcrkiye \u00fczerinden end\u00fcstriye aktar\u0131lmaktad\u0131r.<\/li>\n<li>Onart, \u00e7e\u015fitli \u015firketlerin par\u00e7al\u0131 i\u015fbirli\u011fi yerine birle\u015fik\/entegre bir yakla\u015f\u0131mla projelerini y\u00fcr\u00fct\u00fcr. Onart\u2019\u0131n proje geli\u015ftirme, tasar\u0131m, str\u00fckt\u00fcrel analiz, imalat ve montaj konular\u0131nda D\u00fcnya standartlar\u0131nda altyap\u0131s\u0131 vard\u0131r. Bu durum farkl\u0131 \u015firketlerin yakla\u015f\u0131mlar\u0131ndaki uyumsuzluk olas\u0131l\u0131\u011f\u0131n\u0131 \u00f6nler.<\/li>\n<li>Tasar\u0131m ve str\u00fckt\u00fcrel analiz Almanya ve Avustralya m\u00fchendisler odalar\u0131na kay\u0131tl\u0131 m\u00fchendislerle yap\u0131lmaktad\u0131r. \u00d6nemli projelerin montaj\u0131 ise Alman uzmanlarla yap\u0131lmaktad\u0131r. Onart benzersiz tasar\u0131m g\u00fcc\u00fcyle projelerine orijinallik ve yarat\u0131c\u0131l\u0131k katmaktad\u0131r.<\/li>\n<li>Onart, ayn\u0131 zamanda sekt\u00f6r\u00fcn \u00f6nde gelen membran analiz yaz\u0131l\u0131m\u0131 olan WinTess\u2019in (https:\/\/www.wintess.com) ard\u0131ndaki de\u011ferdir. Yaz\u0131l\u0131m, membran yap\u0131lar\u0131n form bulma, statik analiz, deplasmanlar, paftalama ve m\u00fchendislik raporlamalar\u0131 a\u015famalar\u0131nda hassasiyetle cevap vermektedir. M\u00fchendislik sorular\u0131n\u0131 yan\u0131tlamak i\u00e7in ayr\u0131nt\u0131l\u0131 raporlar sa\u011flar. Ayn\u0131 zamanda, d\u00fcnya sat\u0131\u015f distrib\u00fct\u00f6rl\u00fc\u011f\u00fc ve merkez destek ofisi olarak ta hizmet veren Onart, uluslararas\u0131 yaz\u0131l\u0131m kullanma e\u011fitimi ve deste\u011fi vermektedir.<\/li>\n<\/ul>\n\t\t\t\t<img loading=\"lazy\" src=\"https:\/\/www.etfesystem.com\/wp-content\/uploads\/2020\/08\/IMG_4449.jpg\" alt=\"IMG_4449\" itemprop=\"image\" height=\"1000\" width=\"2300\" title=\"IMG_4449\" onerror=\"this.style.display='none'\"  \/>\n\t<h2>\n\t\t\t\t\tONART EXECUTIVES\n\t\t\t\t<\/h2>\n\t\t\t\t<figure>\n\t\t\t\t<img src=\"https:\/\/www.etfesystem.com\/wp-content\/uploads\/2020\/08\/hme.jpg\" alt=\"hme\" itemprop=\"image\"\/>\n\t\t\t\t\t\t<figcaption>\n\t\t\t\t<h2>\n\t\t\t\t\t\t\t\tM\u00fcfit Eribol\n\t\t\t\t\t\t\t\t<\/h2>\n\t\t\t\tGenel M\u00fcd\u00fcr\n\t\t\t\t\t\t\t\t\t<p>ODT\u00dc, Makina M\u00fchendisli\u011fi B\u00f6l\u00fcm\u00fcnden 1980 y\u0131l\u0131nda mezun olmu\u015ftur. B\u00f6l\u00fcmde akademik g\u00f6revler \u00fcstlenmi\u015f, Master e\u011fitimini tamamlad\u0131ktan sonra \u00e7e\u015fitli uluslararas\u0131 \u015firketlerde y\u00f6netici olarak \u00e7al\u0131\u015fm\u0131\u015ft\u0131r. Avustralya, Wollongong \u00dcniversitesinde tamamlad\u0131\u011f\u0131 MBA program\u0131yla y\u00f6neticilik becerilerini geli\u015ftirmi\u015ftir. Analitik d\u00fc\u015f\u00fcnme, liderlik \u00f6zellikleri, problem \u00e7\u00f6z\u00fcmlerine metodik yakla\u015f\u0131m\u0131 ve adanm\u0131\u015fl\u0131\u011f\u0131 ile Onart\u2019\u0131n stratejik yap\u0131s\u0131n\u0131 olu\u015fturmaktad\u0131r. Ek olarak, M\u00fcfit Eribol, Almanya, Anhalt \u00dcniversitesi, Membran ve Kabuk Teknolojileri Enstit\u00fcs\u00fcnden onursal Archineer\u00ae \u00fcnvan\u0131na lay\u0131k g\u00f6r\u00fclm\u00fc\u015ft\u00fcr.<\/p>\n\t\t\t\t\t\t\t<\/figcaption>\n\t\t<\/figure>\n\t\t\t\t<figure>\n\t\t\t\t<img src=\"https:\/\/www.etfesystem.com\/wp-content\/uploads\/2020\/08\/PC070041.jpg\" alt=\"hme\" itemprop=\"image\"\/>\n\t\t\t\t\t\t<figcaption>\n\t\t\t\t<h2>\n\t\t\t\t\t\t\t\tRana Dirin\n\t\t\t\t\t\t\t\t<\/h2>\n\t\t\t\tTasar\u0131m ve Teklif Departman\u0131 Direkt\u00f6r\u00fc\n\t\t\t\t\t\t\t\t\t<p>Rana Dirin 1990 y\u0131l\u0131nda mimar olarak mezuniyetinden hemen sonra bir giri\u015fimci olarak kariyerine ba\u015flam\u0131\u015ft\u0131r. Profesyonel ya\u015fam\u0131 boyunca \u00e7e\u015fitli projeleri ba\u015far\u0131yla y\u00f6netmi\u015ftir. Asma germe membranlar konusundaki derin bilgisi \u00e7e\u015fitli benzersiz membran projelerinin ba\u015far\u0131yla tamamlanmas\u0131n\u0131 sa\u011flam\u0131\u015f\u0131r. Profesyonel ya\u015fam\u0131n\u0131n yan\u0131s\u0131ra Almanya, Anhalt \u00dcniversitesi, Membran ve Kabuk Teknolojileri Enstit\u00fcs\u00fcn\u00fcn T\u00fcrkiye temsilcisidir. Kendisi Almanya, Anhalt \u00dcniversitesi\u2019nde asma germe yap\u0131lar konusunda Master program\u0131n\u0131 tamamlam\u0131\u015f ve ayn\u0131 enst\u00fct\u00fcden Archineer\u00ae \u00fcnvan\u0131 almaya hak kazanm\u0131\u015ft\u0131r. Alman M\u00fchendisler odas\u0131na kay\u0131tl\u0131 olan Rana Dirin, Onart\u2019\u0131n tasar\u0131m departman\u0131n\u0131 y\u00f6netmektedir.<\/p>\n\t\t\t\t\t\t\t<\/figcaption>\n\t\t<\/figure>\n\t<p>Onart ve y\u00f6netici kadrosuyla ilgili \u00e7e\u015fitli destekleyici d\u00f6k\u00fcmanlara a\u015fa\u011f\u0131dan ula\u015f\u0131labilir.<\/p>\n[fat_maika id=&#8221;7024&#8243;]\n","protected":false},"excerpt":{"rendered":"<p>B\u0130R BAKI\u015eTA ONART There are a lot Bizim yapt\u0131\u011f\u0131m\u0131z i\u015fi yapan bir \u00e7ok firma oldu\u011funu biliyoruz. Hatta baz\u0131lar\u0131 olduk\u00e7a b\u00fcy\u00fck yabanc\u0131 firmalar. Fakat, Bizim bir fark\u0131m\u0131z var: Bizim, son 25 senedir, y\u0131k\u0131lm\u0131\u015f tek bir yap\u0131m\u0131z yok. Bu kendi ba\u015f\u0131na bir rekordur. Bu kendi ba\u015f\u0131na bir rekordur. Biz, i\u015fimizi basit, yal\u0131n [&hellip;]<\/p>\n","protected":false},"author":1,"featured_media":0,"parent":0,"menu_order":0,"comment_status":"closed","ping_status":"closed","template":"page-templates\/full-width-builder-bb.php","meta":[],"_links":{"self":[{"href":"https:\/\/www.etfesystem.com\/tr\/wp-json\/wp\/v2\/pages\/7038"}],"collection":[{"href":"https:\/\/www.etfesystem.com\/tr\/wp-json\/wp\/v2\/pages"}],"about":[{"href":"https:\/\/www.etfesystem.com\/tr\/wp-json\/wp\/v2\/types\/page"}],"author":[{"embeddable":true,"href":"https:\/\/www.etfesystem.com\/tr\/wp-json\/wp\/v2\/users\/1"}],"replies":[{"embeddable":true,"href":"https:\/\/www.etfesystem.com\/tr\/wp-json\/wp\/v2\/comments?post=7038"}],"version-history":[{"count":2,"href":"https:\/\/www.etfesystem.com\/tr\/wp-json\/wp\/v2\/pages\/7038\/revisions"}],"predecessor-version":[{"id":7093,"href":"https:\/\/www.etfesystem.com\/tr\/wp-json\/wp\/v2\/pages\/7038\/revisions\/7093"}],"wp:attachment":[{"href":"https:\/\/www.etfesystem.com\/tr\/wp-json\/wp\/v2\/media?parent=7038"}],"curies":[{"name":"wp","href":"https:\/\/api.w.org\/{rel}","templated":true}]}}